{"id":1222,"date":"2018-03-19T18:55:20","date_gmt":"2018-03-19T17:55:20","guid":{"rendered":"http:\/\/www.beaufort-athletisme.fr\/?page_id=1222"},"modified":"2026-03-09T11:58:50","modified_gmt":"2026-03-09T10:58:50","slug":"par-categories","status":"publish","type":"page","link":"http:\/\/www.beaufort-athletisme.fr\/?page_id=1222","title":{"rendered":"Par cat\u00e9gories"},"content":{"rendered":"\n<p><strong>Les cat\u00e9\u00adgories d\u2019\u00e2ge FFA pour la sai\u00adson 2025\u20132026:<\/strong><\/p>\n\n\n\n<p><a href=\"http:\/\/www.beaufort-athletisme.fr\/?page_id=1224\">EA-PO (2015 \u00e0 2019)<\/a><\/p>\n\n\n\n<p><a href=\"http:\/\/www.beaufort-athletisme.fr\/?page_id=1232\">BE-MI (2011 \u00e0 2014)<\/a><\/p>\n\n\n\n<p><a href=\"http:\/\/www.beaufort-athletisme.fr\/?page_id=1235\">CA-JU-ES-SE (1992 \u00e0 2010)<\/a><\/p>\n\n\n\n<p>Retrou\u00advez ici toutes les <a href=\"https:\/\/www.athle.fr\/contenu\/les-categories-d-age-en-2026\/25\" target=\"_blank\" rel=\"noreferrer noopener\">cat\u00e9\u00adgories d\u2019\u00e2ge de la sai\u00adson 2026<\/a>.<\/p>\n\n\n\n<p>&nbsp;<\/p>\n\n\n\n<p>Ces cat\u00e9\u00adgories changent au 1er sep\u00adtem\u00adbre de chaque ann\u00e9e.<\/p>\n","protected":false},"excerpt":{"rendered":"<p>Les cat\u00e9\u00adgories d\u2019\u00e2ge FFA pour la sai\u00adson 2025\u20132026: EA-PO (2015 \u00e0 2019) BE-MI (2011 \u00e0 2014) CA-JU-ES-SE (1992 \u00e0 2010) Retrou\u00advez ici toutes les cat\u00e9\u00adgories d\u2019\u00e2ge de la sai\u00adson 2026. &nbsp; Ces cat\u00e9\u00adgories changent au 1er sep\u00adtem\u00adbre de chaque ann\u00e9e.<\/p>\n","protected":false},"author":1,"featured_media":0,"parent":0,"menu_order":0,"comment_status":"closed","ping_status":"closed","template":"","meta":{"wp_typography_post_enhancements_disabled":false,"footnotes":""},"class_list":["post-1222","page","type-page","status-publish","hentry"],"featured_image_src":null,"_links":{"self":[{"href":"http:\/\/www.beaufort-athletisme.fr\/index.php?rest_route=\/wp\/v2\/pages\/1222","targetHints":{"allow":["GET"]}}],"collection":[{"href":"http:\/\/www.beaufort-athletisme.fr\/index.php?rest_route=\/wp\/v2\/pages"}],"about":[{"href":"http:\/\/www.beaufort-athletisme.fr\/index.php?rest_route=\/wp\/v2\/types\/page"}],"author":[{"embeddable":true,"href":"http:\/\/www.beaufort-athletisme.fr\/index.php?rest_route=\/wp\/v2\/users\/1"}],"replies":[{"embeddable":true,"href":"http:\/\/www.beaufort-athletisme.fr\/index.php?rest_route=%2Fwp%2Fv2%2Fcomments&post=1222"}],"version-history":[{"count":4,"href":"http:\/\/www.beaufort-athletisme.fr\/index.php?rest_route=\/wp\/v2\/pages\/1222\/revisions"}],"predecessor-version":[{"id":6798,"href":"http:\/\/www.beaufort-athletisme.fr\/index.php?rest_route=\/wp\/v2\/pages\/1222\/revisions\/6798"}],"wp:attachment":[{"href":"http:\/\/www.beaufort-athletisme.fr\/index.php?rest_route=%2Fwp%2Fv2%2Fmedia&parent=1222"}],"curies":[{"name":"wp","href":"https:\/\/api.w.org\/{rel}","templated":true}]}}