{"id":1232,"date":"2018-03-19T19:22:12","date_gmt":"2018-03-19T18:22:12","guid":{"rendered":"http:\/\/www.beaufort-athletisme.fr\/?page_id=1232"},"modified":"2026-01-28T03:54:47","modified_gmt":"2026-01-28T02:54:47","slug":"be-mi","status":"publish","type":"page","link":"http:\/\/www.beaufort-athletisme.fr\/?page_id=1232","title":{"rendered":"BE-MI"},"content":{"rendered":"\n<p>Nous avons le plaisir de vous informer du lance\u00adment, \u00e0 la ren\u00adtr\u00e9e 2026, d\u2019une&nbsp;<strong>struc\u00adture d\u2019entra\u00eenement d\u2019athl\u00e9tisme<\/strong>, mise en place en lien avec le&nbsp;<strong>Comit\u00e9 D\u00e9parte\u00admen\u00adtal d\u2019Athl\u00e9tisme<\/strong>, au sein du&nbsp;<strong>lyc\u00e9e Saint Aubin La Salle<\/strong>, situ\u00e9 \u00e0&nbsp;<strong>Saint-Sylvain\u2011d\u2019Anjou<\/strong>.<\/p>\n\n\n\n<p>Vous trou\u00adverez en pi\u00e8ce jointe un fly\u00ader regroupant l\u2019ensemble des infor\u00adma\u00adtions rel\u00ada\u00adtives :<\/p>\n\n\n\n<ul class=\"wp-block-list\">\n<li>au fonc\u00adtion\u00adnement de la struc\u00adture d\u2019entra\u00eenement,<\/li>\n\n\n\n<li>aux&nbsp;<strong>portes ouvertes du lyc\u00e9e<\/strong>, qui se tien\u00addront les&nbsp;<strong>samedis 31 jan\u00advi\u00ader et 7 mars 2026<\/strong>, de&nbsp;<strong>9h00 \u00e0 13h00<\/strong>.<\/li>\n<\/ul>\n\n\n<div class=\"wp-block-image\">\n<figure class=\"aligncenter size-large is-resized\"><a href=\"http:\/\/www.beaufort-athletisme.fr\/wp-content\/uploads\/2026\/01\/Structure-entrainement-ATHLETISME-2026-.png\"><img loading=\"lazy\" decoding=\"async\" width=\"724\" height=\"1024\" src=\"http:\/\/www.beaufort-athletisme.fr\/wp-content\/uploads\/2026\/01\/Structure-entrainement-ATHLETISME-2026--724x1024.png\" alt class=\"wp-image-6762\" style=\"aspect-ratio:0.707041437264561;width:465px;height:auto\" srcset=\"http:\/\/www.beaufort-athletisme.fr\/wp-content\/uploads\/2026\/01\/Structure-entrainement-ATHLETISME-2026--724x1024.png 724w, http:\/\/www.beaufort-athletisme.fr\/wp-content\/uploads\/2026\/01\/Structure-entrainement-ATHLETISME-2026--212x300.png 212w, http:\/\/www.beaufort-athletisme.fr\/wp-content\/uploads\/2026\/01\/Structure-entrainement-ATHLETISME-2026--768x1086.png 768w, http:\/\/www.beaufort-athletisme.fr\/wp-content\/uploads\/2026\/01\/Structure-entrainement-ATHLETISME-2026--1086x1536.png 1086w, http:\/\/www.beaufort-athletisme.fr\/wp-content\/uploads\/2026\/01\/Structure-entrainement-ATHLETISME-2026--900x1273.png 900w, http:\/\/www.beaufort-athletisme.fr\/wp-content\/uploads\/2026\/01\/Structure-entrainement-ATHLETISME-2026--1280x1810.png 1280w, http:\/\/www.beaufort-athletisme.fr\/wp-content\/uploads\/2026\/01\/Structure-entrainement-ATHLETISME-2026-.png 1414w\" sizes=\"auto, (max-width: 724px) 100vw, 724px\"><\/a><\/figure>\n<\/div>\n\n\n<hr class=\"wp-block-separator has-alpha-channel-opacity\">\n\n\n\n<p><span style=\"text-decoration: underline;\">Ren\u00adcon\u00adtres ABC du CAPS :<\/span> <\/p>\n\n\n\n<p>Prochaines dates : 6 mars \u00e0 Dou\u00e9, 21 mars \u00e0 Beau\u00adfort (sous r\u00e9serve) et finale le 5 juin 2026 \u00e0 Mon\u00adtreuil-Bel\u00adlay<\/p>\n\n\n\n<div class=\"wp-block-pdfp-pdf-poster  alignnone\" id=\"block-1\" data-attributes=\"{&quot;file&quot;:&quot;http:\\\/\\\/www.beaufort-athletisme.fr\\\/wp-content\\\/uploads\\\/2026\\\/01\\\/ABC-Classement-general2025.26.pdf&quot;,&quot;btnStyles&quot;:{&quot;background&quot;:&quot;#2271b1&quot;,&quot;color&quot;:&quot;#fff&quot;,&quot;fontSize&quot;:&quot;16px&quot;,&quot;padding&quot;:{&quot;top&quot;:10,&quot;right&quot;:20,&quot;bottom&quot;:10,&quot;left&quot;:10}},&quot;align&quot;:&quot;none&quot;,&quot;alignment&quot;:&quot;left&quot;,&quot;title&quot;:&quot;&quot;,&quot;titleFontSize&quot;:&quot;16px&quot;,&quot;height&quot;:{&quot;desktop&quot;:&quot;840px&quot;,&quot;tablet&quot;:&quot;700px&quot;,&quot;mobile&quot;:&quot;400px&quot;},&quot;width&quot;:{&quot;desktop&quot;:&quot;100%&quot;,&quot;tablet&quot;:&quot;100%&quot;,&quot;mobile&quot;:&quot;100%&quot;},&quot;showName&quot;:false,&quot;print&quot;:false,&quot;onlyPDF&quot;:false,&quot;defaultBrowser&quot;:false,&quot;downloadButton&quot;:false,&quot;downloadButtonText&quot;:&quot;Download File&quot;,&quot;fullscreenButton&quot;:true,&quot;fullscreenButtonText&quot;:&quot;View Fullscreen&quot;,&quot;actionsPosition&quot;:&quot;top&quot;,&quot;newWindow&quot;:false,&quot;protect&quot;:false,&quot;thumbMenu&quot;:false,&quot;sidebarOpen&quot;:false,&quot;initialPage&quot;:0,&quot;alert&quot;:false,&quot;lastVersion&quot;:false,&quot;hrScroll&quot;:false,&quot;isHideRightToolbar&quot;:false,&quot;additional&quot;:{&quot;ID&quot;:&quot;&quot;,&quot;Class&quot;:&quot;&quot;,&quot;CSS&quot;:&quot;&quot;},&quot;adobeEmbedder&quot;:false,&quot;adobeOptions&quot;:{&quot;showDownloadPDF&quot;:true,&quot;showPrintPDF&quot;:true,&quot;showAnnotationTools&quot;:true,&quot;showFullScreen&quot;:false,&quot;embedMode&quot;:&quot;SIZED_CONTAINER&quot;},&quot;popupOptions&quot;:{&quot;enabled&quot;:false,&quot;triggerType&quot;:&quot;button&quot;,&quot;image&quot;:&quot;&quot;,&quot;imagePdfIcon&quot;:true,&quot;imageHeight&quot;:&quot;200px&quot;,&quot;imageWidth&quot;:&quot;300px&quot;,&quot;text&quot;:&quot;Open PDF&quot;,&quot;btnStyle&quot;:{&quot;background&quot;:&quot;#2271b1&quot;,&quot;color&quot;:&quot;#fff&quot;,&quot;fontSize&quot;:&quot;16px&quot;,&quot;padding&quot;:{&quot;top&quot;:10,&quot;right&quot;:20,&quot;bottom&quot;:10,&quot;left&quot;:10}}},&quot;popupBtnStyle&quot;:{&quot;background&quot;:&quot;#2271b1&quot;,&quot;color&quot;:&quot;#fff&quot;,&quot;padding&quot;:{&quot;top&quot;:10,&quot;right&quot;:20,&quot;bottom&quot;:10,&quot;left&quot;:10}},&quot;popupBtnText&quot;:&quot;Open Document&quot;,&quot;CSS&quot;:&quot;&quot;,&quot;socialShare&quot;:{&quot;enabled&quot;:false,&quot;facebook&quot;:true,&quot;twitter&quot;:true,&quot;linkedin&quot;:true,&quot;pinterest&quot;:true,&quot;position&quot;:&quot;top&quot;},&quot;isPremium&quot;:false}\" style=\"text-align: left\">\n    \n        <iframe loading=\"lazy\" title style=\"border:0;\" width=\"100%\" height=\"800px\" class=\"pdfp_unsupported_frame\" src=\"\/\/docs.google.com\/gview?embedded=true&amp;url=http:\/\/www.beaufort-athletisme.fr\/wp-content\/uploads\/2026\/01\/ABC-Classement-general2025.26.pdf\"><\/iframe>\n\n    <\/div>\n\n\n\n<hr class=\"wp-block-separator has-alpha-channel-opacity\">\n\n\n\n<hr class=\"wp-block-separator has-alpha-channel-opacity\">\n\n\n\n<h3 class=\"wp-block-heading\"><strong>Tables de cotation jeunes (qui permettent de calculer le nombre de points des triathlons) :<\/strong><\/h3>\n\n\n\n<p><a href=\"http:\/\/www.athle.fr\/asp.net\/main.pdf\/pdf.aspx?path=\/pdf\/docffa\/pointjeunes_bef.pdf\" target=\"_blank\" rel=\"noreferrer noopener\">Ben\u00adjamines<\/a><\/p>\n\n\n\n<p><a href=\"http:\/\/www.athle.fr\/asp.net\/main.pdf\/pdf.aspx?path=\/pdf\/docffa\/pointjeunes_bem.pdf\" target=\"_blank\" rel=\"noreferrer noopener\">Ben\u00adjamins<\/a><\/p>\n\n\n\n<p><a href=\"http:\/\/www.athle.fr\/asp.net\/main.pdf\/pdf.aspx?path=\/pdf\/docffa\/pointjeunes_mif.pdf\" target=\"_blank\" rel=\"noreferrer noopener\">Min\u00adimes filles<\/a><\/p>\n\n\n\n<p><a href=\"http:\/\/www.athle.fr\/asp.net\/main.pdf\/pdf.aspx?path=\/pdf\/docffa\/pointjeunes_mim.pdf\" target=\"_blank\" rel=\"noreferrer noopener\">Min\u00adimes gar\u00e7ons<\/a><\/p>\n\n\n\n<hr class=\"wp-block-separator has-alpha-channel-opacity\">\n\n\n\n<p><strong>Archives<\/strong><\/p>\n\n\n\n<p>Classe\u00adment du Chal\u00adlenge CAPS Ben\u00adjamin pour la sai\u00adson 2024\u20132025 :<\/p>\n\n\n\n<div class=\"wp-block-pdfp-pdf-poster  alignnone\" id=\"block-2\" data-attributes=\"{&quot;file&quot;:&quot;http:\\\/\\\/www.beaufort-athletisme.fr\\\/wp-content\\\/uploads\\\/2025\\\/06\\\/ABC-Classement-general.pdf&quot;,&quot;btnStyles&quot;:{&quot;background&quot;:&quot;#2271b1&quot;,&quot;color&quot;:&quot;#fff&quot;,&quot;fontSize&quot;:&quot;16px&quot;,&quot;padding&quot;:{&quot;top&quot;:10,&quot;right&quot;:20,&quot;bottom&quot;:10,&quot;left&quot;:10}},&quot;align&quot;:&quot;none&quot;,&quot;alignment&quot;:&quot;left&quot;,&quot;title&quot;:&quot;&quot;,&quot;titleFontSize&quot;:&quot;16px&quot;,&quot;height&quot;:{&quot;desktop&quot;:&quot;840px&quot;,&quot;tablet&quot;:&quot;700px&quot;,&quot;mobile&quot;:&quot;400px&quot;},&quot;width&quot;:{&quot;desktop&quot;:&quot;100%&quot;,&quot;tablet&quot;:&quot;100%&quot;,&quot;mobile&quot;:&quot;100%&quot;},&quot;showName&quot;:false,&quot;print&quot;:false,&quot;onlyPDF&quot;:false,&quot;defaultBrowser&quot;:false,&quot;downloadButton&quot;:false,&quot;downloadButtonText&quot;:&quot;Download File&quot;,&quot;fullscreenButton&quot;:true,&quot;fullscreenButtonText&quot;:&quot;View Fullscreen&quot;,&quot;actionsPosition&quot;:&quot;top&quot;,&quot;newWindow&quot;:false,&quot;protect&quot;:false,&quot;thumbMenu&quot;:false,&quot;sidebarOpen&quot;:false,&quot;initialPage&quot;:0,&quot;alert&quot;:false,&quot;lastVersion&quot;:false,&quot;hrScroll&quot;:false,&quot;isHideRightToolbar&quot;:false,&quot;additional&quot;:{&quot;ID&quot;:&quot;&quot;,&quot;Class&quot;:&quot;&quot;,&quot;CSS&quot;:&quot;&quot;},&quot;adobeEmbedder&quot;:false,&quot;adobeOptions&quot;:{&quot;showDownloadPDF&quot;:true,&quot;showPrintPDF&quot;:true,&quot;showAnnotationTools&quot;:true,&quot;showFullScreen&quot;:false,&quot;embedMode&quot;:&quot;SIZED_CONTAINER&quot;},&quot;popupOptions&quot;:{&quot;enabled&quot;:false,&quot;triggerType&quot;:&quot;button&quot;,&quot;image&quot;:&quot;&quot;,&quot;imagePdfIcon&quot;:true,&quot;imageHeight&quot;:&quot;200px&quot;,&quot;imageWidth&quot;:&quot;300px&quot;,&quot;text&quot;:&quot;Open PDF&quot;,&quot;btnStyle&quot;:{&quot;background&quot;:&quot;#2271b1&quot;,&quot;color&quot;:&quot;#fff&quot;,&quot;fontSize&quot;:&quot;16px&quot;,&quot;padding&quot;:{&quot;top&quot;:10,&quot;right&quot;:20,&quot;bottom&quot;:10,&quot;left&quot;:10}}},&quot;popupBtnStyle&quot;:{&quot;background&quot;:&quot;#2271b1&quot;,&quot;color&quot;:&quot;#fff&quot;,&quot;padding&quot;:{&quot;top&quot;:10,&quot;right&quot;:20,&quot;bottom&quot;:10,&quot;left&quot;:10}},&quot;popupBtnText&quot;:&quot;Open Document&quot;,&quot;CSS&quot;:&quot;&quot;,&quot;socialShare&quot;:{&quot;enabled&quot;:false,&quot;facebook&quot;:true,&quot;twitter&quot;:true,&quot;linkedin&quot;:true,&quot;pinterest&quot;:true,&quot;position&quot;:&quot;top&quot;},&quot;isPremium&quot;:false}\" style=\"text-align: left\">\n    \n        <iframe loading=\"lazy\" title style=\"border:0;\" width=\"100%\" height=\"800px\" class=\"pdfp_unsupported_frame\" src=\"\/\/docs.google.com\/gview?embedded=true&amp;url=http:\/\/www.beaufort-athletisme.fr\/wp-content\/uploads\/2025\/06\/ABC-Classement-general.pdf\"><\/iframe>\n\n    <\/div>\n\n\n\n<p><\/p>\n","protected":false},"excerpt":{"rendered":"<p>Nous avons le plaisir de vous informer du lance\u00adment, \u00e0 la ren\u00adtr\u00e9e 2026, d\u2019une&nbsp;struc\u00adture d\u2019entra\u00eenement d\u2019athl\u00e9tisme, mise en place en lien avec le&nbsp;Comit\u00e9 D\u00e9parte\u00admen\u00adtal d\u2019Athl\u00e9tisme, au sein du&nbsp;lyc\u00e9e Saint Aubin La Salle, situ\u00e9 \u00e0&nbsp;Saint-Sylvain\u2011d\u2019Anjou. Vous trou\u00adverez en pi\u00e8ce jointe un fly\u00ader regroupant l\u2019ensemble des infor\u00adma\u00adtions rel\u00ada\u00adtives : Ren\u00adcon\u00adtres ABC du CAPS : Prochaines dates : [\u2026]<\/p>\n","protected":false},"author":1,"featured_media":0,"parent":0,"menu_order":0,"comment_status":"closed","ping_status":"closed","template":"","meta":{"wp_typography_post_enhancements_disabled":false,"footnotes":""},"class_list":["post-1232","page","type-page","status-publish","hentry"],"featured_image_src":null,"_links":{"self":[{"href":"http:\/\/www.beaufort-athletisme.fr\/index.php?rest_route=\/wp\/v2\/pages\/1232","targetHints":{"allow":["GET"]}}],"collection":[{"href":"http:\/\/www.beaufort-athletisme.fr\/index.php?rest_route=\/wp\/v2\/pages"}],"about":[{"href":"http:\/\/www.beaufort-athletisme.fr\/index.php?rest_route=\/wp\/v2\/types\/page"}],"author":[{"embeddable":true,"href":"http:\/\/www.beaufort-athletisme.fr\/index.php?rest_route=\/wp\/v2\/users\/1"}],"replies":[{"embeddable":true,"href":"http:\/\/www.beaufort-athletisme.fr\/index.php?rest_route=%2Fwp%2Fv2%2Fcomments&post=1232"}],"version-history":[{"count":31,"href":"http:\/\/www.beaufort-athletisme.fr\/index.php?rest_route=\/wp\/v2\/pages\/1232\/revisions"}],"predecessor-version":[{"id":6782,"href":"http:\/\/www.beaufort-athletisme.fr\/index.php?rest_route=\/wp\/v2\/pages\/1232\/revisions\/6782"}],"wp:attachment":[{"href":"http:\/\/www.beaufort-athletisme.fr\/index.php?rest_route=%2Fwp%2Fv2%2Fmedia&parent=1232"}],"curies":[{"name":"wp","href":"https:\/\/api.w.org\/{rel}","templated":true}]}}