{"id":4042,"date":"2023-02-23T11:16:04","date_gmt":"2023-02-23T10:16:04","guid":{"rendered":"https:\/\/www.beaufort-athletisme.fr\/?page_id=4042"},"modified":"2025-06-18T21:52:56","modified_gmt":"2025-06-18T20:52:56","slug":"caps-kids","status":"publish","type":"page","link":"http:\/\/www.beaufort-athletisme.fr\/?page_id=4042","title":{"rendered":"CAPS KIDS"},"content":{"rendered":"\n<h2 class=\"wp-block-heading\">CAPS KIDS CHALLENGE 3 (2024\u20132025)<\/h2>\n\n\n\n<p>La finale du \u201cCAPS Chal\u00adlenge Kids\u201d aura lieue le&nbsp;<strong>same\u00addi 28 juin 2025<\/strong> \u00e0 par\u00adtir de 9H30 au stade de l\u2019Ile d\u2019Of\u00adfard \u00e0 Saumur (report de la date due aux fortes chaleurs pr\u00e9vues lors du ven\u00addre\u00addi 20 juin ini\u00adtial). Les dif\u00adf\u00e9rents podi\u00adums et r\u00e9com\u00adpens\u00ades de l\u2019an\u00adn\u00e9e 2024.2025 auront lieu \u00e0 l\u2019is\u00adsue de cette derni\u00e8re ren\u00adcon\u00adtre.<\/p>\n\n\n\n<hr class=\"wp-block-separator has-alpha-channel-opacity is-style-dots\">\n\n\n\n<h2 class=\"wp-block-heading\">CAPS KIDS CHALLENGE 2 (2023\u20132024)<\/h2>\n\n\n\n<p>Les r\u00e9sul\u00adtats avant la derni\u00e8re \u00e9tape de la 2e \u00e9di\u00adtion du CAPS Kids chal\u00adlenge \u00e0 Dou\u00e9 le<strong> ven\u00addre\u00addi 7 juin 2024<\/strong> :<\/p>\n\n\n\n<div class=\"wp-block-pdfp-pdf-poster  alignnone\" id=\"block-1\" data-attributes=\"{&quot;file&quot;:&quot;http:\\\/\\\/www.beaufort-athletisme.fr\\\/wp-content\\\/uploads\\\/2024\\\/06\\\/Classement-provisoire-challenge-2024-1.pdf&quot;,&quot;btnStyles&quot;:{&quot;background&quot;:&quot;#2271b1&quot;,&quot;color&quot;:&quot;#fff&quot;,&quot;fontSize&quot;:&quot;16px&quot;,&quot;padding&quot;:{&quot;top&quot;:10,&quot;right&quot;:20,&quot;bottom&quot;:10,&quot;left&quot;:10}},&quot;adobeOptions&quot;:{&quot;showDownloadPDF&quot;:true,&quot;showPrintPDF&quot;:true,&quot;showAnnotationTools&quot;:true,&quot;showFullScreen&quot;:false,&quot;embedMode&quot;:&quot;SIZED_CONTAINER&quot;,&quot;updated&quot;:true},&quot;CSS&quot;:&quot;.pdfpb268767bbtn {background: #2271b1; color: #fff; padding: 10px 20px 10px 10px}&quot;,&quot;align&quot;:&quot;none&quot;,&quot;alignment&quot;:&quot;left&quot;,&quot;title&quot;:&quot;&quot;,&quot;titleFontSize&quot;:&quot;16px&quot;,&quot;height&quot;:{&quot;desktop&quot;:&quot;840px&quot;,&quot;tablet&quot;:&quot;700px&quot;,&quot;mobile&quot;:&quot;400px&quot;},&quot;width&quot;:{&quot;desktop&quot;:&quot;100%&quot;,&quot;tablet&quot;:&quot;100%&quot;,&quot;mobile&quot;:&quot;100%&quot;},&quot;showName&quot;:false,&quot;print&quot;:false,&quot;onlyPDF&quot;:false,&quot;defaultBrowser&quot;:false,&quot;downloadButton&quot;:false,&quot;downloadButtonText&quot;:&quot;Download File&quot;,&quot;fullscreenButton&quot;:true,&quot;fullscreenButtonText&quot;:&quot;View Fullscreen&quot;,&quot;actionsPosition&quot;:&quot;top&quot;,&quot;newWindow&quot;:false,&quot;protect&quot;:false,&quot;thumbMenu&quot;:false,&quot;sidebarOpen&quot;:false,&quot;initialPage&quot;:0,&quot;alert&quot;:false,&quot;lastVersion&quot;:false,&quot;hrScroll&quot;:false,&quot;isHideRightToolbar&quot;:false,&quot;additional&quot;:{&quot;ID&quot;:&quot;&quot;,&quot;Class&quot;:&quot;&quot;,&quot;CSS&quot;:&quot;&quot;},&quot;adobeEmbedder&quot;:false,&quot;popupOptions&quot;:{&quot;enabled&quot;:false,&quot;triggerType&quot;:&quot;button&quot;,&quot;image&quot;:&quot;&quot;,&quot;imagePdfIcon&quot;:true,&quot;imageHeight&quot;:&quot;200px&quot;,&quot;imageWidth&quot;:&quot;300px&quot;,&quot;text&quot;:&quot;Open PDF&quot;,&quot;btnStyle&quot;:{&quot;background&quot;:&quot;#2271b1&quot;,&quot;color&quot;:&quot;#fff&quot;,&quot;fontSize&quot;:&quot;16px&quot;,&quot;padding&quot;:{&quot;top&quot;:10,&quot;right&quot;:20,&quot;bottom&quot;:10,&quot;left&quot;:10}}},&quot;popupBtnStyle&quot;:{&quot;background&quot;:&quot;#2271b1&quot;,&quot;color&quot;:&quot;#fff&quot;,&quot;padding&quot;:{&quot;top&quot;:10,&quot;right&quot;:20,&quot;bottom&quot;:10,&quot;left&quot;:10}},&quot;popupBtnText&quot;:&quot;Open Document&quot;,&quot;socialShare&quot;:{&quot;enabled&quot;:false,&quot;facebook&quot;:true,&quot;twitter&quot;:true,&quot;linkedin&quot;:true,&quot;pinterest&quot;:true,&quot;position&quot;:&quot;top&quot;},&quot;isPremium&quot;:false}\" style=\"text-align: left\">\n    \n        <iframe loading=\"lazy\" title style=\"border:0;\" width=\"100%\" height=\"800px\" class=\"pdfp_unsupported_frame\" src=\"\/\/docs.google.com\/gview?embedded=true&amp;url=http:\/\/www.beaufort-athletisme.fr\/wp-content\/uploads\/2024\/06\/Classement-provisoire-challenge-2024-1.pdf\"><\/iframe>\n\n    <\/div>\n\n\n\n<hr class=\"wp-block-separator has-alpha-channel-opacity\">\n\n\n\n<h2 class=\"wp-block-heading\">ARCHIVES : 1ere \u00e9dition (2022\u20132023)<\/h2>\n\n\n\n<p>La com\u00admis\u00adsion jeune du CAPS lance le \u201cCAPS chal\u00adlenge Kids\u201d.&nbsp;<\/p>\n\n\n<div class=\"wp-block-image\">\n<figure class=\"aligncenter size-full\"><a href=\"http:\/\/www.beaufort-athletisme.fr\/wp-content\/uploads\/2023\/04\/Logo-CCK-4.png\"><img loading=\"lazy\" decoding=\"async\" width=\"237\" height=\"206\" src=\"http:\/\/www.beaufort-athletisme.fr\/wp-content\/uploads\/2023\/04\/Logo-CCK-4.png\" alt class=\"wp-image-4177\"><\/a><\/figure>\n<\/div>\n\n\n<p>Chaque par\u00adtic\u00adi\u00adpa\u00adtion rap\u00adportera 10 points \u00e0 l\u2019ath\u00adl\u00e8te. Lors du dernier chal\u00adlenge \u201aune r\u00e9com\u00adpense sera dis\u00adtribu\u00e9e aux trois ou cinq meilleurs par\u00adtic\u00adi\u00adpants de chaque cat\u00e9\u00adgorie.<\/p>\n\n\n\n<p>Voici le cal\u00aden\u00addri\u00ader des ani\u00adma\u00adtions pro\u00adpos\u00e9es :<\/p>\n\n\n\n<div class=\"wp-block-pdfp-pdf-poster  alignnone\" id=\"block-2\" data-attributes=\"{&quot;file&quot;:&quot;http:\\\/\\\/www.beaufort-athletisme.fr\\\/wp-content\\\/uploads\\\/2023\\\/01\\\/CALENDRIER-U10.pdf&quot;,&quot;print&quot;:true,&quot;btnStyles&quot;:{&quot;background&quot;:&quot;#2271b1&quot;,&quot;color&quot;:&quot;#fff&quot;,&quot;fontSize&quot;:&quot;16px&quot;,&quot;padding&quot;:{&quot;top&quot;:10,&quot;right&quot;:20,&quot;bottom&quot;:10,&quot;left&quot;:10}},&quot;adobeOptions&quot;:{&quot;showDownloadPDF&quot;:true,&quot;showPrintPDF&quot;:true,&quot;showAnnotationTools&quot;:true,&quot;showFullScreen&quot;:false,&quot;embedMode&quot;:&quot;SIZED_CONTAINER&quot;,&quot;updated&quot;:true},&quot;CSS&quot;:&quot;.pdfp458104f6btn {background: #2271b1; color: #fff; padding: 10px 20px 10px 10px}&quot;,&quot;align&quot;:&quot;none&quot;,&quot;alignment&quot;:&quot;left&quot;,&quot;title&quot;:&quot;&quot;,&quot;titleFontSize&quot;:&quot;16px&quot;,&quot;height&quot;:{&quot;desktop&quot;:&quot;840px&quot;,&quot;tablet&quot;:&quot;700px&quot;,&quot;mobile&quot;:&quot;400px&quot;},&quot;width&quot;:{&quot;desktop&quot;:&quot;100%&quot;,&quot;tablet&quot;:&quot;100%&quot;,&quot;mobile&quot;:&quot;100%&quot;},&quot;showName&quot;:false,&quot;onlyPDF&quot;:false,&quot;defaultBrowser&quot;:false,&quot;downloadButton&quot;:false,&quot;downloadButtonText&quot;:&quot;Download File&quot;,&quot;fullscreenButton&quot;:true,&quot;fullscreenButtonText&quot;:&quot;View Fullscreen&quot;,&quot;actionsPosition&quot;:&quot;top&quot;,&quot;newWindow&quot;:false,&quot;protect&quot;:false,&quot;thumbMenu&quot;:false,&quot;sidebarOpen&quot;:false,&quot;initialPage&quot;:0,&quot;alert&quot;:false,&quot;lastVersion&quot;:false,&quot;hrScroll&quot;:false,&quot;isHideRightToolbar&quot;:false,&quot;additional&quot;:{&quot;ID&quot;:&quot;&quot;,&quot;Class&quot;:&quot;&quot;,&quot;CSS&quot;:&quot;&quot;},&quot;adobeEmbedder&quot;:false,&quot;popupOptions&quot;:{&quot;enabled&quot;:false,&quot;triggerType&quot;:&quot;button&quot;,&quot;image&quot;:&quot;&quot;,&quot;imagePdfIcon&quot;:true,&quot;imageHeight&quot;:&quot;200px&quot;,&quot;imageWidth&quot;:&quot;300px&quot;,&quot;text&quot;:&quot;Open PDF&quot;,&quot;btnStyle&quot;:{&quot;background&quot;:&quot;#2271b1&quot;,&quot;color&quot;:&quot;#fff&quot;,&quot;fontSize&quot;:&quot;16px&quot;,&quot;padding&quot;:{&quot;top&quot;:10,&quot;right&quot;:20,&quot;bottom&quot;:10,&quot;left&quot;:10}}},&quot;popupBtnStyle&quot;:{&quot;background&quot;:&quot;#2271b1&quot;,&quot;color&quot;:&quot;#fff&quot;,&quot;padding&quot;:{&quot;top&quot;:10,&quot;right&quot;:20,&quot;bottom&quot;:10,&quot;left&quot;:10}},&quot;popupBtnText&quot;:&quot;Open Document&quot;,&quot;socialShare&quot;:{&quot;enabled&quot;:false,&quot;facebook&quot;:true,&quot;twitter&quot;:true,&quot;linkedin&quot;:true,&quot;pinterest&quot;:true,&quot;position&quot;:&quot;top&quot;},&quot;isPremium&quot;:false}\" style=\"text-align: left\">\n    \n        <iframe loading=\"lazy\" title style=\"border:0;\" width=\"100%\" height=\"800px\" class=\"pdfp_unsupported_frame\" src=\"\/\/docs.google.com\/gview?embedded=true&amp;url=http:\/\/www.beaufort-athletisme.fr\/wp-content\/uploads\/2023\/01\/CALENDRIER-U10.pdf\"><\/iframe>\n\n    <\/div>\n\n\n\n<hr class=\"wp-block-separator has-alpha-channel-opacity\">\n\n\n\n<p>4e journ\u00e9e de ren\u00adcon\u00adtre du ven\u00addre\u00addi 14 avril 2023 (1ere \u00e9di\u00adtion) \u00e0 Saumur :<\/p>\n\n\n<div class=\"wp-block-image\">\n<figure class=\"aligncenter size-large is-resized\"><a href=\"http:\/\/www.beaufort-athletisme.fr\/wp-content\/uploads\/2023\/04\/4e-journee-Saumur-scaled.jpg\"><img loading=\"lazy\" decoding=\"async\" width=\"1024\" height=\"768\" src=\"http:\/\/www.beaufort-athletisme.fr\/wp-content\/uploads\/2023\/04\/4e-journee-Saumur-1024x768.jpg\" alt class=\"wp-image-4205\" style=\"width:573px;height:429px\" srcset=\"http:\/\/www.beaufort-athletisme.fr\/wp-content\/uploads\/2023\/04\/4e-journee-Saumur-1024x768.jpg 1024w, http:\/\/www.beaufort-athletisme.fr\/wp-content\/uploads\/2023\/04\/4e-journee-Saumur-300x225.jpg 300w, http:\/\/www.beaufort-athletisme.fr\/wp-content\/uploads\/2023\/04\/4e-journee-Saumur-768x576.jpg 768w, http:\/\/www.beaufort-athletisme.fr\/wp-content\/uploads\/2023\/04\/4e-journee-Saumur-1536x1152.jpg 1536w, http:\/\/www.beaufort-athletisme.fr\/wp-content\/uploads\/2023\/04\/4e-journee-Saumur-2048x1536.jpg 2048w, http:\/\/www.beaufort-athletisme.fr\/wp-content\/uploads\/2023\/04\/4e-journee-Saumur-900x675.jpg 900w, http:\/\/www.beaufort-athletisme.fr\/wp-content\/uploads\/2023\/04\/4e-journee-Saumur-1280x960.jpg 1280w\" sizes=\"auto, (max-width: 1024px) 100vw, 1024px\"><\/a><\/figure>\n<\/div>\n\n\n<hr class=\"wp-block-separator has-alpha-channel-opacity\">\n\n\n\n<p>Compte-ren\u00addu de la pre\u00admi\u00e8re \u00e9di\u00adtion du chal\u00adlenge qui s\u2019est tenu sur la sai\u00adson 2022\u20132023 :<\/p>\n\n\n\n<div data-wp-interactive=\"core\/file\" class=\"wp-block-file\"><object data-wp-bind--hidden=\"!state.hasPdfPreview\" hidden class=\"wp-block-file__embed\" data=\"http:\/\/www.beaufort-athletisme.fr\/wp-content\/uploads\/2023\/07\/Compte-rendu-CAPS-Challenge-Kids-2022.2023.pdf\" type=\"application\/pdf\" style=\"width:100%;height:600px\" aria-label=\"Contenu embarqu\u00e9 Compte rendu CAPS Challenge Kids 2022.2023.\"><\/object><a id=\"wp-block-file--media-71566498-8bd3-4e98-80c7-716d752cb186\" href=\"http:\/\/www.beaufort-athletisme.fr\/wp-content\/uploads\/2023\/07\/Compte-rendu-CAPS-Challenge-Kids-2022.2023.pdf\">Compte ren\u00addu CAPS Chal\u00adlenge Kids 2022.2023<\/a><a href=\"http:\/\/www.beaufort-athletisme.fr\/wp-content\/uploads\/2023\/07\/Compte-rendu-CAPS-Challenge-Kids-2022.2023.pdf\" class=\"wp-block-file__button wp-element-button\" download aria-describedby=\"wp-block-file--media-71566498-8bd3-4e98-80c7-716d752cb186\">T\u00e9l\u00e9charg\u00ader<\/a><\/div>\n","protected":false},"excerpt":{"rendered":"<p>CAPS KIDS CHALLENGE 3 (2024\u20132025) La finale du \u201cCAPS Chal\u00adlenge Kids\u201d aura lieue le&nbsp;same\u00addi 28 juin 2025 \u00e0 par\u00adtir de 9H30 au stade de l\u2019Ile d\u2019Of\u00adfard \u00e0 Saumur (report de la date due aux fortes chaleurs pr\u00e9vues lors du ven\u00addre\u00addi 20 juin ini\u00adtial). Les dif\u00adf\u00e9rents podi\u00adums et r\u00e9com\u00adpens\u00ades de l\u2019an\u00adn\u00e9e 2024.2025 auront lieu \u00e0 l\u2019is\u00adsue [\u2026]<\/p>\n","protected":false},"author":1,"featured_media":0,"parent":0,"menu_order":0,"comment_status":"closed","ping_status":"closed","template":"","meta":{"wp_typography_post_enhancements_disabled":false,"footnotes":""},"class_list":["post-4042","page","type-page","status-publish","hentry"],"featured_image_src":null,"_links":{"self":[{"href":"http:\/\/www.beaufort-athletisme.fr\/index.php?rest_route=\/wp\/v2\/pages\/4042","targetHints":{"allow":["GET"]}}],"collection":[{"href":"http:\/\/www.beaufort-athletisme.fr\/index.php?rest_route=\/wp\/v2\/pages"}],"about":[{"href":"http:\/\/www.beaufort-athletisme.fr\/index.php?rest_route=\/wp\/v2\/types\/page"}],"author":[{"embeddable":true,"href":"http:\/\/www.beaufort-athletisme.fr\/index.php?rest_route=\/wp\/v2\/users\/1"}],"replies":[{"embeddable":true,"href":"http:\/\/www.beaufort-athletisme.fr\/index.php?rest_route=%2Fwp%2Fv2%2Fcomments&post=4042"}],"version-history":[{"count":10,"href":"http:\/\/www.beaufort-athletisme.fr\/index.php?rest_route=\/wp\/v2\/pages\/4042\/revisions"}],"predecessor-version":[{"id":6363,"href":"http:\/\/www.beaufort-athletisme.fr\/index.php?rest_route=\/wp\/v2\/pages\/4042\/revisions\/6363"}],"wp:attachment":[{"href":"http:\/\/www.beaufort-athletisme.fr\/index.php?rest_route=%2Fwp%2Fv2%2Fmedia&parent=4042"}],"curies":[{"name":"wp","href":"https:\/\/api.w.org\/{rel}","templated":true}]}}