{"id":4114,"date":"2023-03-14T14:47:56","date_gmt":"2023-03-14T13:47:56","guid":{"rendered":"https:\/\/www.beaufort-athletisme.fr\/?page_id=4114"},"modified":"2025-10-24T15:16:00","modified_gmt":"2025-10-24T14:16:00","slug":"devenir-entraineur","status":"publish","type":"page","link":"http:\/\/www.beaufort-athletisme.fr\/?page_id=4114","title":{"rendered":"Devenir entra\u00eeneur"},"content":{"rendered":"\n<p><strong><span style=\"text-decoration: underline;\">For\u00adma\u00adtion con\u00adtin\u00adue des entra\u00eeneurs<\/span><\/strong><\/p>\n\n\n\n<p>La ligue organ\u00adise un regroupe\u00adment r\u00e9gion\u00adal des entra\u00eeneurs au sta\u00addi\u00adum de Nantes le <strong>mar\u00addi 28 octo\u00adbre 2025<\/strong>. Au pro\u00adgramme de 9h45 \u00e0 17h30 : la pr\u00e9\u00adpa\u00adra\u00adtion g\u00e9n\u00e9rale (1 s\u00e9ance) et sp\u00e9\u00adci\u00adfique (1 s\u00e9ance) pour les sauteurs. Ce regroupe\u00adment s\u2019adresse aux entra\u00eeneurs des cat\u00e9\u00adgories min\u00adimes et cadets et plus, \u00e9tant int\u00e9ress\u00e9 par au min\u00adi\u00admum l\u2019un des qua\u00adtre sauts.<\/p>\n\n\n\n<p><strong><u>C\u2019est gra\u00adtu\u00adit, mais il faut s\u2019in\u00adscrire pour g\u00e9r\u00ader le nom\u00adbre de par\u00adtic\u00adi\u00adpants, sur ce lien<\/u>&nbsp;:&nbsp;<a href=\"https:\/\/docs.google.com\/forms\/d\/e\/1FAIpQLSdK13Mf6DRii9UZkavlMtdxTuAg7JztaQWKLzslNvP46XG_fg\/viewform?usp=header\" target=\"_blank\" rel=\"noreferrer noopener\">https:\/\/docs.google.com\/forms\/d\/e\/1FAIpQLSdK13Mf6DRii9UZkavlMtdxTuAg7JztaQWKLzslNvP46XG_fg\/viewform?usp=header<\/a><\/strong><\/p>\n\n\n\n<hr class=\"wp-block-separator has-alpha-channel-opacity\">\n\n\n\n<p>La ligue met en place des for\u00adma\u00adtions du 9 au 11 novem\u00adbre 2024 :<\/p>\n\n\n\n<figure class=\"wp-block-image size-large\"><a href=\"http:\/\/www.beaufort-athletisme.fr\/wp-content\/uploads\/2024\/10\/formation-lapl.jpg\"><img loading=\"lazy\" decoding=\"async\" width=\"1024\" height=\"724\" src=\"http:\/\/www.beaufort-athletisme.fr\/wp-content\/uploads\/2024\/10\/formation-lapl-1024x724.jpg\" alt class=\"wp-image-5732\" srcset=\"http:\/\/www.beaufort-athletisme.fr\/wp-content\/uploads\/2024\/10\/formation-lapl-1024x724.jpg 1024w, http:\/\/www.beaufort-athletisme.fr\/wp-content\/uploads\/2024\/10\/formation-lapl-300x212.jpg 300w, http:\/\/www.beaufort-athletisme.fr\/wp-content\/uploads\/2024\/10\/formation-lapl-768x543.jpg 768w, http:\/\/www.beaufort-athletisme.fr\/wp-content\/uploads\/2024\/10\/formation-lapl-1536x1086.jpg 1536w, http:\/\/www.beaufort-athletisme.fr\/wp-content\/uploads\/2024\/10\/formation-lapl-900x636.jpg 900w, http:\/\/www.beaufort-athletisme.fr\/wp-content\/uploads\/2024\/10\/formation-lapl-1280x905.jpg 1280w, http:\/\/www.beaufort-athletisme.fr\/wp-content\/uploads\/2024\/10\/formation-lapl.jpg 2048w\" sizes=\"auto, (max-width: 1024px) 100vw, 1024px\"><\/a><\/figure>\n\n\n\n<hr class=\"wp-block-separator has-alpha-channel-opacity\">\n\n\n\n<p>For\u00adma\u00adtions \u00e0 venir pour l\u2019en\u00adcadrement des EA [U10]\/PO [U12] :<\/p>\n\n\n<div class=\"wp-block-image\">\n<figure class=\"aligncenter size-large is-resized\"><a href=\"http:\/\/www.beaufort-athletisme.fr\/wp-content\/uploads\/2023\/12\/Formation-entraineurs-U12.jpg\"><img loading=\"lazy\" decoding=\"async\" width=\"1024\" height=\"1024\" src=\"http:\/\/www.beaufort-athletisme.fr\/wp-content\/uploads\/2023\/12\/Formation-entraineurs-U12-1024x1024.jpg\" alt class=\"wp-image-4740\" style=\"width:380px;height:auto\" srcset=\"http:\/\/www.beaufort-athletisme.fr\/wp-content\/uploads\/2023\/12\/Formation-entraineurs-U12-1024x1024.jpg 1024w, http:\/\/www.beaufort-athletisme.fr\/wp-content\/uploads\/2023\/12\/Formation-entraineurs-U12-300x300.jpg 300w, http:\/\/www.beaufort-athletisme.fr\/wp-content\/uploads\/2023\/12\/Formation-entraineurs-U12-150x150.jpg 150w, http:\/\/www.beaufort-athletisme.fr\/wp-content\/uploads\/2023\/12\/Formation-entraineurs-U12-768x768.jpg 768w, http:\/\/www.beaufort-athletisme.fr\/wp-content\/uploads\/2023\/12\/Formation-entraineurs-U12-88x88.jpg 88w, http:\/\/www.beaufort-athletisme.fr\/wp-content\/uploads\/2023\/12\/Formation-entraineurs-U12-900x900.jpg 900w, http:\/\/www.beaufort-athletisme.fr\/wp-content\/uploads\/2023\/12\/Formation-entraineurs-U12.jpg 1080w\" sizes=\"auto, (max-width: 1024px) 100vw, 1024px\"><\/a><\/figure>\n<\/div>\n\n\n<p>Si vous \u00eates int\u00e9ress\u00e9 pour aider le club dans l\u2019en\u00adcadrement des jeunes ath\u00adl\u00e8tes, n\u2019h\u00e9sitez pas \u00e0 le faire savoir rapi\u00adde\u00adment : les for\u00adma\u00adtions \u201cd\u2019en\u00adtra\u00eeneur jeunes\u201d peu\u00advent \u00eatre en grande par\u00adtie financ\u00e9es par la FFA !<\/p>\n\n\n\n<p>Le par\u00adcours de for\u00adma\u00adtion de la f\u00e9d\u00e9ra\u00adtion :<\/p>\n\n\n\n<p><a href=\"https:\/\/www.athle.fr\/fichiers\/a3\/2024\/CIRC4_20240117.pdf\" target=\"_blank\" rel=\"noreferrer noopener\">Infos d\u00e9tail\u00adl\u00e9es cir\u00adcu\u00adlaire FFA<\/a> (en derni\u00e8re page)<\/p>\n\n\n\n<hr class=\"wp-block-separator has-alpha-channel-opacity\">\n\n\n\n<p>R\u00e9sum\u00e9 des mod\u00adules \u00e0 suiv\u00adre pour devenir entra\u00eeneur U12 (EA\/PO) :<\/p>\n\n\n\n<p>-&gt;Respon\u00ads\u00adabil\u00adit\u00e9 et \u00e9thique (M00001)<\/p>\n\n\n\n<p>-&gt;Accueil\u00adlir, ani\u00admer et s\u00e9curis\u00ader (M0002)<\/p>\n\n\n\n<p>-&gt;Con\u00adcevoir la sai\u00adson U12-U16 (M00307)<\/p>\n\n\n\n<p>-&gt;Inter\u00advenir et organ\u00adis\u00ader l\u2019ac\u00adtiv\u00adit\u00e9 en U12 (M00014)<\/p>\n\n\n\n<p><a href=\"https:\/\/www.athle.fr\/pdf\/info_formation\/TexteOfficiel\/E_RE_INITIATEUR_EDUCATION_ATHLETIQUE_U12.pdf\" target=\"_blank\" rel=\"noreferrer noopener\">Le r\u00e9f\u00e9ren\u00adtiel d\u2019\u00e9\u00adval\u00adu\u00ada\u00adtion d\u2019un entra\u00eeneur U12<\/a><\/p>\n\n\n\n<hr class=\"wp-block-separator has-alpha-channel-opacity\">\n\n\n\n<p>Deux ath\u00adl\u00e8tes sont actuelle\u00adment en for\u00adma\u00adtion pour encadr\u00ader les U12 : Lana GUILLON-JOLY et Aris\u00adtide TUFFEREAU.<\/p>\n","protected":false},"excerpt":{"rendered":"<p>For\u00adma\u00adtion con\u00adtin\u00adue des entra\u00eeneurs La ligue organ\u00adise un regroupe\u00adment r\u00e9gion\u00adal des entra\u00eeneurs au sta\u00addi\u00adum de Nantes le mar\u00addi 28 octo\u00adbre 2025. Au pro\u00adgramme de 9h45 \u00e0 17h30 : la pr\u00e9\u00adpa\u00adra\u00adtion g\u00e9n\u00e9rale (1 s\u00e9ance) et sp\u00e9\u00adci\u00adfique (1 s\u00e9ance) pour les sauteurs. Ce regroupe\u00adment s\u2019adresse aux entra\u00eeneurs des cat\u00e9\u00adgories min\u00adimes et cadets et plus, \u00e9tant int\u00e9ress\u00e9 par [\u2026]<\/p>\n","protected":false},"author":1,"featured_media":0,"parent":0,"menu_order":0,"comment_status":"closed","ping_status":"closed","template":"","meta":{"wp_typography_post_enhancements_disabled":false,"footnotes":""},"class_list":["post-4114","page","type-page","status-publish","hentry"],"featured_image_src":null,"_links":{"self":[{"href":"http:\/\/www.beaufort-athletisme.fr\/index.php?rest_route=\/wp\/v2\/pages\/4114","targetHints":{"allow":["GET"]}}],"collection":[{"href":"http:\/\/www.beaufort-athletisme.fr\/index.php?rest_route=\/wp\/v2\/pages"}],"about":[{"href":"http:\/\/www.beaufort-athletisme.fr\/index.php?rest_route=\/wp\/v2\/types\/page"}],"author":[{"embeddable":true,"href":"http:\/\/www.beaufort-athletisme.fr\/index.php?rest_route=\/wp\/v2\/users\/1"}],"replies":[{"embeddable":true,"href":"http:\/\/www.beaufort-athletisme.fr\/index.php?rest_route=%2Fwp%2Fv2%2Fcomments&post=4114"}],"version-history":[{"count":22,"href":"http:\/\/www.beaufort-athletisme.fr\/index.php?rest_route=\/wp\/v2\/pages\/4114\/revisions"}],"predecessor-version":[{"id":6582,"href":"http:\/\/www.beaufort-athletisme.fr\/index.php?rest_route=\/wp\/v2\/pages\/4114\/revisions\/6582"}],"wp:attachment":[{"href":"http:\/\/www.beaufort-athletisme.fr\/index.php?rest_route=%2Fwp%2Fv2%2Fmedia&parent=4114"}],"curies":[{"name":"wp","href":"https:\/\/api.w.org\/{rel}","templated":true}]}}