{"id":4106,"date":"2023-03-09T14:19:02","date_gmt":"2023-03-09T13:19:02","guid":{"rendered":"https:\/\/www.beaufort-athletisme.fr\/?page_id=4106"},"modified":"2023-03-21T10:27:11","modified_gmt":"2023-03-21T09:27:11","slug":"devenir-dirigeant","status":"publish","type":"page","link":"https:\/\/www.beaufort-athletisme.fr\/?page_id=4106","title":{"rendered":"Devenir dirigeant"},"content":{"rendered":"\n<p>Afin d\u2019am\u00e9lior\u00ader encore l\u2019an\u00adi\u00adma\u00adtion et le d\u00e9veloppe\u00adment du club, n\u2019h\u00e9sitez pas \u00e0 nous rejoin\u00addre et \u00e0 apporter vos id\u00e9es au sein du comit\u00e9 de l\u2019US Beau\u00adfort Ath\u00adl\u00e9tisme. <\/p>\n\n\n\n<p>Il n\u2019y a pas de for\u00adma\u00adtion \u00e0 suiv\u00adre. Les mem\u00adbres actuels du comit\u00e9 se fer\u00adont un plaisir d\u2019ex\u00adpli\u00adquer les d\u00e9tails tech\u00adniques (sp\u00e9\u00adci\u00adficit\u00e9s de l\u2019ath\u00adl\u00e9tisme, des com\u00adp\u00e9ti\u00adtions exis\u00adtantes\u2026).<\/p>\n\n\n\n<p>Plusieurs axes de d\u00e9veloppe\u00adment iden\u00adti\u00adfi\u00e9s pour\u00adraient ain\u00adsi se con\u00adcr\u00e9\u00adtis\u00ader : propo\u00adsi\u00adtion d\u2019en\u00adtra\u00eene\u00adments plus r\u00e9guliers et sp\u00e9\u00adci\u00adfiques \u00e0 par\u00adtir de la cat\u00e9\u00adgorie min\u00adimes, propo\u00adsi\u00adtion de stages plus r\u00e9guliers, mise en place d\u2019une bou\u00adtique avec une ges\u00adtion plus facile et effi\u00adcace, accom\u00adpa\u00adg\u00adne\u00adment des ath\u00adl\u00e8tes vers les fonc\u00adtions d\u2019en\u00adtra\u00eeneurs, de juges\u2026<\/p>\n\n\n\n<p>Pos\u00adsi\u00adbil\u00adit\u00e9 de s\u2019in\u00adve\u00adstir unique\u00adment sur la com\u00admu\u00adni\u00adca\u00adtion : en met\u00adtant r\u00e9guli\u00e8re\u00adment \u00e0 jour le site inter\u00adnet et au besoin, la page Face\u00adbook du club, en s\u2019as\u00adso\u00adciant aux jour\u00adnaux locaux pour met\u00adtre en valeur les r\u00e9sul\u00adtats de nos ath\u00adl\u00e8tes\u2026<\/p>\n","protected":false},"excerpt":{"rendered":"<p>Afin d\u2019am\u00e9lior\u00ader encore l\u2019an\u00adi\u00adma\u00adtion et le d\u00e9veloppe\u00adment du club, n\u2019h\u00e9sitez pas \u00e0 nous rejoin\u00addre et \u00e0 apporter vos id\u00e9es au sein du comit\u00e9 de l\u2019US Beau\u00adfort Ath\u00adl\u00e9tisme. Il n\u2019y a pas de for\u00adma\u00adtion \u00e0 suiv\u00adre. Les mem\u00adbres actuels du comit\u00e9 se fer\u00adont un plaisir d\u2019ex\u00adpli\u00adquer les d\u00e9tails tech\u00adniques (sp\u00e9\u00adci\u00adficit\u00e9s de l\u2019ath\u00adl\u00e9tisme, des com\u00adp\u00e9ti\u00adtions exis\u00adtantes\u2026). Plusieurs [\u2026]<\/p>\n","protected":false},"author":1,"featured_media":0,"parent":0,"menu_order":0,"comment_status":"closed","ping_status":"closed","template":"","meta":{"wp_typography_post_enhancements_disabled":false,"footnotes":""},"class_list":["post-4106","page","type-page","status-publish","hentry"],"featured_image_src":null,"_links":{"self":[{"href":"https:\/\/www.beaufort-athletisme.fr\/index.php?rest_route=\/wp\/v2\/pages\/4106","targetHints":{"allow":["GET"]}}],"collection":[{"href":"https:\/\/www.beaufort-athletisme.fr\/index.php?rest_route=\/wp\/v2\/pages"}],"about":[{"href":"https:\/\/www.beaufort-athletisme.fr\/index.php?rest_route=\/wp\/v2\/types\/page"}],"author":[{"embeddable":true,"href":"https:\/\/www.beaufort-athletisme.fr\/index.php?rest_route=\/wp\/v2\/users\/1"}],"replies":[{"embeddable":true,"href":"https:\/\/www.beaufort-athletisme.fr\/index.php?rest_route=%2Fwp%2Fv2%2Fcomments&post=4106"}],"version-history":[{"count":3,"href":"https:\/\/www.beaufort-athletisme.fr\/index.php?rest_route=\/wp\/v2\/pages\/4106\/revisions"}],"predecessor-version":[{"id":4132,"href":"https:\/\/www.beaufort-athletisme.fr\/index.php?rest_route=\/wp\/v2\/pages\/4106\/revisions\/4132"}],"wp:attachment":[{"href":"https:\/\/www.beaufort-athletisme.fr\/index.php?rest_route=%2Fwp%2Fv2%2Fmedia&parent=4106"}],"curies":[{"name":"wp","href":"https:\/\/api.w.org\/{rel}","templated":true}]}}